{"id":4375,"date":"2015-01-22T04:56:00","date_gmt":"2015-01-22T04:56:00","guid":{"rendered":"https:\/\/www.brandmix.com.tr\/biz-kimiz-2\/"},"modified":"2019-10-08T20:34:31","modified_gmt":"2019-10-08T20:34:31","slug":"who-we-are","status":"publish","type":"page","link":"https:\/\/www.brandmix.com.tr\/en\/who-we-are\/","title":{"rendered":"Who We Are?"},"content":{"rendered":"<div class=\"wpb-content-wrapper\"><p>[vc_row fixed_img_bg=&#8221;&#8221; parallax_bg=&#8221;&#8221; el_class=&#8221;css-hizmet-content&#8221; equal_height_columns=&#8221;no&#8221;][vc_column][vc_row_inner css=&#8221;.vc_custom_1428169752253{padding-top: 0px !important;padding-right: 0px !important;padding-bottom: 0px !important;padding-left: 0px !important;}&#8221;][vc_column_inner width=&#8221;1\/4&#8243;]<div class=\"porto-image-frame \"><img loading=\"lazy\" decoding=\"async\" alt=\"\" src=\"\/\/www.brandmix.com.tr\/wp-content\/uploads\/2019\/10\/yasemin-unlu-romano-2.jpg\" class=\"img-responsive img-rounded\" width=\"627\" height=\"753\"><\/div>[\/vc_column_inner][vc_column_inner width=&#8221;3\/4&#8243;]<div class=\"porto-u-heading  wpb_custom_95aa9a11c17ad45cfabaf210d84ee7cc porto-u-ad87e2eaf3f9c495180fe0156ddf3eb0 \"><div class=\"porto-u-main-heading\"><h2   style=\"font-weight:400;color:#000000;margin-bottom: 20px;font-size:30px;line-height:32px;\">Yasemin \u00dcnl\u00fc Romano<\/h2><\/div><div class=\"porto-u-sub-heading\" style=\"font-weight:400;color: #000000;margin-bottom:20px;font-size:20px;line-height:24px;\">Founder and Chairwoman of Brandmix<\/div><style>.porto-u-ad87e2eaf3f9c495180fe0156ddf3eb0.porto-u-heading{text-align:left}<\/style><\/div>[vc_column_text]Senior Executive with 19 years of experience in giant multinational FMCG organizations <span style=\"color: #ff9215;\"><b>(Nestl\u00e9 and Unilever)<\/b><\/span> and leader Turkish companies with global and regional presence <span style=\"color: #ff9215;\"><b>(\u00dclker and S\u00fcta\u015f)<\/b><\/span>.<\/p>\n<p>Board Member of Ege Profil, 100% subsidiary company of <b>Deceuninck.<\/b><\/p>\n<p>Assumed leadership role in business, marketing strategy development and execution, brand strategy development and execution, 360 \u2070marketing plans development and execution, led several launch &amp; re-launch, brand positioning, segmentation, innovation projects, had deep experience in consumer\/shopper understanding and strong leadership experience in establishing new marketing organizations, managing cross functional and multi-cultural teams.[\/vc_column_text][\/vc_column_inner][\/vc_row_inner][\/vc_column][\/vc_row][vc_row fixed_img_bg=&#8221;&#8221; parallax_bg=&#8221;&#8221;][vc_column width=&#8221;1\/2&#8243;][vc_custom_heading text=&#8221;Our Vision&#8221; use_theme_fonts=&#8221;yes&#8221;][vc_column_text]<span style=\"font-size: 18pt;\">\u201cResult-Oriented Brand Consultancy\u201d<\/span>[\/vc_column_text][\/vc_column][vc_column width=&#8221;1\/2&#8243;][vc_custom_heading text=&#8221;Our Mission&#8221; use_theme_fonts=&#8221;yes&#8221;][vc_column_text]At Brandmix, we aim to create <b>&#8220;powerful mixes&#8221;<\/b> made of <b><span style=\"color: #ff9215;\">knowledge, strategic thinking, creativity<\/span><\/b> to develop powerful brands that would translate into successful business results.[\/vc_column_text][\/vc_column][\/vc_row]<\/p>\n<\/div>","protected":false},"excerpt":{"rendered":"<p>[vc_row fixed_img_bg=&#8221;&#8221; parallax_bg=&#8221;&#8221; el_class=&#8221;css-hizmet-content&#8221; equal_height_columns=&#8221;no&#8221;][vc_column][vc_row_inner css=&#8221;.vc_custom_1428169752253{padding-top: 0px !important;padding-right: 0px !important;padding-bottom: 0px !important;padding-left: 0px !important;}&#8221;][vc_column_inner width=&#8221;1\/4&#8243;][\/vc_column_inner][vc_column_inner width=&#8221;3\/4&#8243;][vc_column_text]Senior Executive with 19 years of experience in giant multinational FMCG organizations (Nestl\u00e9 and Unilever) and leader Turkish companies with global and regional presence (\u00dclker and S\u00fcta\u015f). Board Member of Ege Profil, 100% subsidiary company of Deceuninck. Assumed leadership role [&hellip;]<\/p>\n","protected":false},"author":1,"featured_media":0,"parent":0,"menu_order":0,"comment_status":"closed","ping_status":"closed","template":"","meta":{"footnotes":""},"class_list":["post-4375","page","type-page","status-publish","hentry"],"_links":{"self":[{"href":"https:\/\/www.brandmix.com.tr\/en\/wp-json\/wp\/v2\/pages\/4375","targetHints":{"allow":["GET"]}}],"collection":[{"href":"https:\/\/www.brandmix.com.tr\/en\/wp-json\/wp\/v2\/pages"}],"about":[{"href":"https:\/\/www.brandmix.com.tr\/en\/wp-json\/wp\/v2\/types\/page"}],"author":[{"embeddable":true,"href":"https:\/\/www.brandmix.com.tr\/en\/wp-json\/wp\/v2\/users\/1"}],"replies":[{"embeddable":true,"href":"https:\/\/www.brandmix.com.tr\/en\/wp-json\/wp\/v2\/comments?post=4375"}],"version-history":[{"count":17,"href":"https:\/\/www.brandmix.com.tr\/en\/wp-json\/wp\/v2\/pages\/4375\/revisions"}],"predecessor-version":[{"id":5047,"href":"https:\/\/www.brandmix.com.tr\/en\/wp-json\/wp\/v2\/pages\/4375\/revisions\/5047"}],"wp:attachment":[{"href":"https:\/\/www.brandmix.com.tr\/en\/wp-json\/wp\/v2\/media?parent=4375"}],"curies":[{"name":"wp","href":"https:\/\/api.w.org\/{rel}","templated":true}]}}